{"id":28,"date":"2026-05-01T11:21:40","date_gmt":"2026-05-01T11:21:40","guid":{"rendered":"https:\/\/www.addictocare.net\/?page_id=28"},"modified":"2026-05-01T13:20:10","modified_gmt":"2026-05-01T13:20:10","slug":"addictocare-pro","status":"publish","type":"page","link":"https:\/\/www.addictocare.net\/index.php\/addictocare-pro\/","title":{"rendered":"Pro"},"content":{"rendered":"\n<figure class=\"wp-block-image aligncenter size-large is-resized\"><img fetchpriority=\"high\" decoding=\"async\" width=\"1024\" height=\"683\" src=\"https:\/\/www.addictocare.net\/wp-content\/uploads\/2026\/05\/addictocare-pro-1024x683.png\" alt=\"\" class=\"wp-image-44\" style=\"width:400px\" srcset=\"https:\/\/www.addictocare.net\/wp-content\/uploads\/2026\/05\/addictocare-pro-1024x683.png 1024w, https:\/\/www.addictocare.net\/wp-content\/uploads\/2026\/05\/addictocare-pro-300x200.png 300w, https:\/\/www.addictocare.net\/wp-content\/uploads\/2026\/05\/addictocare-pro-768x512.png 768w, https:\/\/www.addictocare.net\/wp-content\/uploads\/2026\/05\/addictocare-pro.png 1536w\" sizes=\"(max-width: 1024px) 100vw, 1024px\" \/><\/figure>\n\n\n\n<h2 class=\"wp-block-heading\"><img decoding=\"async\" width=\"105\" height=\"65\" class=\"wp-image-87\" style=\"width: 105px;\" src=\"http:\/\/www.addictocare.net\/wp-content\/uploads\/2026\/05\/AC-Pro-1.png\" alt=\"\" srcset=\"https:\/\/www.addictocare.net\/wp-content\/uploads\/2026\/05\/AC-Pro-1.png 934w, https:\/\/www.addictocare.net\/wp-content\/uploads\/2026\/05\/AC-Pro-1-300x184.png 300w, https:\/\/www.addictocare.net\/wp-content\/uploads\/2026\/05\/AC-Pro-1-768x472.png 768w\" sizes=\"(max-width: 105px) 100vw, 105px\" \/><img decoding=\"async\" width=\"100\" height=\"47\" class=\"wp-image-86\" style=\"width: 100px;\" src=\"http:\/\/www.addictocare.net\/wp-content\/uploads\/2026\/05\/AC-Pro-pro.png\" alt=\"\" srcset=\"https:\/\/www.addictocare.net\/wp-content\/uploads\/2026\/05\/AC-Pro-pro.png 396w, https:\/\/www.addictocare.net\/wp-content\/uploads\/2026\/05\/AC-Pro-pro-300x142.png 300w\" sizes=\"(max-width: 100px) 100vw, 100px\" \/> <mark style=\"background-color:rgba(0, 0, 0, 0)\" class=\"has-inline-color has-ast-global-color-0-color\">: D\u00e9velopper et partager l\u2019expertise RdR<\/mark><\/h2>\n\n\n\n<p><strong>Public cible :<\/strong><br>Professionnels de la RdR (CAARUD, m\u00e9diateurs, travailleurs pairs)<\/p>\n\n\n\n<p><strong>Objectif :<\/strong><br>Renforcer les comp\u00e9tences et diffuser les pratiques de terrain<\/p>\n\n\n\n<p><strong>Actions :<\/strong><\/p>\n\n\n\n<ul class=\"wp-block-list\">\n<li>Formation avanc\u00e9e RdR<\/li>\n\n\n\n<li>Analyse des pratiques<\/li>\n\n\n\n<li>Pr\u00e9sentation et exp\u00e9rimentation de mat\u00e9riel<\/li>\n<\/ul>\n\n\n\n<div class=\"wp-block-buttons is-layout-flex wp-block-buttons-is-layout-flex\">\n<div class=\"wp-block-button\"><a class=\"wp-block-button__link wp-element-button\" href=\"https:\/\/www.addictocare.net\/index.php\/contact\/\">en savoir plus<\/a><\/div>\n\n\n\n<div class=\"wp-block-button\"><a class=\"wp-block-button__link wp-element-button\" href=\"https:\/\/www.addictocare.net\/index.php\/contact\/\">demander une brochure<\/a><\/div>\n<\/div>\n\n\n\n<p><\/p>\n\n\n\n<p><\/p>\n","protected":false},"excerpt":{"rendered":"<p>: D\u00e9velopper et partager l\u2019expertise RdR Public cible :Professionnels de la RdR (CAARUD, m\u00e9diateurs, travailleurs pairs) Objectif :Renforcer les comp\u00e9tences [&hellip;]<\/p>\n","protected":false},"author":1,"featured_media":0,"parent":0,"menu_order":0,"comment_status":"closed","ping_status":"closed","template":"","meta":{"site-sidebar-layout":"default","site-content-layout":"","ast-site-content-layout":"default","site-content-style":"default","site-sidebar-style":"default","ast-global-header-display":"","ast-banner-title-visibility":"","ast-main-header-display":"","ast-hfb-above-header-display":"","ast-hfb-below-header-display":"","ast-hfb-mobile-header-display":"","site-post-title":"disabled","ast-breadcrumbs-content":"","ast-featured-img":"","footer-sml-layout":"","ast-disable-related-posts":"","theme-transparent-header-meta":"","adv-header-id-meta":"","stick-header-meta":"","header-above-stick-meta":"","header-main-stick-meta":"","header-below-stick-meta":"","astra-migrate-meta-layouts":"default","ast-page-background-enabled":"default","ast-page-background-meta":{"desktop":{"background-color":"var(--ast-global-color-5)","background-image":"","background-repeat":"repeat","background-position":"center center","background-size":"auto","background-attachment":"scroll","background-type":"","background-media":"","overlay-type":"","overlay-color":"","overlay-opacity":"","overlay-gradient":""},"tablet":{"background-color":"","background-image":"","background-repeat":"repeat","background-position":"center center","background-size":"auto","background-attachment":"scroll","background-type":"","background-media":"","overlay-type":"","overlay-color":"","overlay-opacity":"","overlay-gradient":""},"mobile":{"background-color":"","background-image":"","background-repeat":"repeat","background-position":"center center","background-size":"auto","background-attachment":"scroll","background-type":"","background-media":"","overlay-type":"","overlay-color":"","overlay-opacity":"","overlay-gradient":""}},"ast-content-background-meta":{"desktop":{"background-color":"var(--ast-global-color-4)","background-image":"","background-repeat":"repeat","background-position":"center center","background-size":"auto","background-attachment":"scroll","background-type":"","background-media":"","overlay-type":"","overlay-color":"","overlay-opacity":"","overlay-gradient":""},"tablet":{"background-color":"var(--ast-global-color-4)","background-image":"","background-repeat":"repeat","background-position":"center center","background-size":"auto","background-attachment":"scroll","background-type":"","background-media":"","overlay-type":"","overlay-color":"","overlay-opacity":"","overlay-gradient":""},"mobile":{"background-color":"var(--ast-global-color-4)","background-image":"","background-repeat":"repeat","background-position":"center center","background-size":"auto","background-attachment":"scroll","background-type":"","background-media":"","overlay-type":"","overlay-color":"","overlay-opacity":"","overlay-gradient":""}},"footnotes":""},"class_list":["post-28","page","type-page","status-publish","hentry"],"yoast_head":"<!-- This site is optimized with the Yoast SEO plugin v27.5 - https:\/\/yoast.com\/product\/yoast-seo-wordpress\/ -->\n<title>AddictoCare - AddictoCare<\/title>\n<meta name=\"robots\" content=\"index, follow, max-snippet:-1, max-image-preview:large, max-video-preview:-1\" \/>\n<link rel=\"canonical\" href=\"https:\/\/www.addictocare.net\/index.php\/addictocare-pro\/\" \/>\n<meta property=\"og:locale\" content=\"en_US\" \/>\n<meta property=\"og:type\" content=\"article\" \/>\n<meta property=\"og:title\" content=\"AddictoCare - AddictoCare\" \/>\n<meta property=\"og:description\" content=\": D\u00e9velopper et partager l\u2019expertise RdR Public cible :Professionnels de la RdR (CAARUD, m\u00e9diateurs, travailleurs pairs) Objectif :Renforcer les comp\u00e9tences [&hellip;]\" \/>\n<meta property=\"og:url\" content=\"https:\/\/www.addictocare.net\/index.php\/addictocare-pro\/\" \/>\n<meta property=\"og:site_name\" content=\"AddictoCare\" \/>\n<meta property=\"article:modified_time\" content=\"2026-05-01T13:20:10+00:00\" \/>\n<meta property=\"og:image\" content=\"https:\/\/www.addictocare.net\/wp-content\/uploads\/2026\/05\/addictocare-pro.png\" \/>\n\t<meta property=\"og:image:width\" content=\"1536\" \/>\n\t<meta property=\"og:image:height\" content=\"1024\" \/>\n\t<meta property=\"og:image:type\" content=\"image\/png\" \/>\n<meta name=\"twitter:card\" content=\"summary_large_image\" \/>\n<meta name=\"twitter:label1\" content=\"Est. reading time\" \/>\n\t<meta name=\"twitter:data1\" content=\"1 minute\" \/>\n<script type=\"application\/ld+json\" class=\"yoast-schema-graph\">{\"@context\":\"https:\\\/\\\/schema.org\",\"@graph\":[{\"@type\":\"WebPage\",\"@id\":\"https:\\\/\\\/www.addictocare.net\\\/index.php\\\/addictocare-pro\\\/\",\"url\":\"https:\\\/\\\/www.addictocare.net\\\/index.php\\\/addictocare-pro\\\/\",\"name\":\"AddictoCare - AddictoCare\",\"isPartOf\":{\"@id\":\"https:\\\/\\\/www.addictocare.net\\\/#website\"},\"primaryImageOfPage\":{\"@id\":\"https:\\\/\\\/www.addictocare.net\\\/index.php\\\/addictocare-pro\\\/#primaryimage\"},\"image\":{\"@id\":\"https:\\\/\\\/www.addictocare.net\\\/index.php\\\/addictocare-pro\\\/#primaryimage\"},\"thumbnailUrl\":\"https:\\\/\\\/www.addictocare.net\\\/wp-content\\\/uploads\\\/2026\\\/05\\\/addictocare-pro-1024x683.png\",\"datePublished\":\"2026-05-01T11:21:40+00:00\",\"dateModified\":\"2026-05-01T13:20:10+00:00\",\"breadcrumb\":{\"@id\":\"https:\\\/\\\/www.addictocare.net\\\/index.php\\\/addictocare-pro\\\/#breadcrumb\"},\"inLanguage\":\"en-US\",\"potentialAction\":[{\"@type\":\"ReadAction\",\"target\":[\"https:\\\/\\\/www.addictocare.net\\\/index.php\\\/addictocare-pro\\\/\"]}]},{\"@type\":\"ImageObject\",\"inLanguage\":\"en-US\",\"@id\":\"https:\\\/\\\/www.addictocare.net\\\/index.php\\\/addictocare-pro\\\/#primaryimage\",\"url\":\"https:\\\/\\\/www.addictocare.net\\\/wp-content\\\/uploads\\\/2026\\\/05\\\/addictocare-pro.png\",\"contentUrl\":\"https:\\\/\\\/www.addictocare.net\\\/wp-content\\\/uploads\\\/2026\\\/05\\\/addictocare-pro.png\",\"width\":1536,\"height\":1024},{\"@type\":\"BreadcrumbList\",\"@id\":\"https:\\\/\\\/www.addictocare.net\\\/index.php\\\/addictocare-pro\\\/#breadcrumb\",\"itemListElement\":[{\"@type\":\"ListItem\",\"position\":1,\"name\":\"Home\",\"item\":\"https:\\\/\\\/www.addictocare.net\\\/\"},{\"@type\":\"ListItem\",\"position\":2,\"name\":\"Pro\"}]},{\"@type\":\"WebSite\",\"@id\":\"https:\\\/\\\/www.addictocare.net\\\/#website\",\"url\":\"https:\\\/\\\/www.addictocare.net\\\/\",\"name\":\"addictocare.com\",\"description\":\"Concevoir, structurer et transformer les pratiques en r\u00e9duction des risques\",\"publisher\":{\"@id\":\"https:\\\/\\\/www.addictocare.net\\\/#organization\"},\"potentialAction\":[{\"@type\":\"SearchAction\",\"target\":{\"@type\":\"EntryPoint\",\"urlTemplate\":\"https:\\\/\\\/www.addictocare.net\\\/?s={search_term_string}\"},\"query-input\":{\"@type\":\"PropertyValueSpecification\",\"valueRequired\":true,\"valueName\":\"search_term_string\"}}],\"inLanguage\":\"en-US\"},{\"@type\":\"Organization\",\"@id\":\"https:\\\/\\\/www.addictocare.net\\\/#organization\",\"name\":\"AddictoCare\",\"url\":\"https:\\\/\\\/www.addictocare.net\\\/\",\"logo\":{\"@type\":\"ImageObject\",\"inLanguage\":\"en-US\",\"@id\":\"https:\\\/\\\/www.addictocare.net\\\/#\\\/schema\\\/logo\\\/image\\\/\",\"url\":\"https:\\\/\\\/www.addictocare.net\\\/wp-content\\\/uploads\\\/2026\\\/05\\\/addictocare.png\",\"contentUrl\":\"https:\\\/\\\/www.addictocare.net\\\/wp-content\\\/uploads\\\/2026\\\/05\\\/addictocare.png\",\"width\":1536,\"height\":1024,\"caption\":\"AddictoCare\"},\"image\":{\"@id\":\"https:\\\/\\\/www.addictocare.net\\\/#\\\/schema\\\/logo\\\/image\\\/\"}}]}<\/script>\n<!-- \/ Yoast SEO plugin. -->","yoast_head_json":{"title":"AddictoCare - AddictoCare","robots":{"index":"index","follow":"follow","max-snippet":"max-snippet:-1","max-image-preview":"max-image-preview:large","max-video-preview":"max-video-preview:-1"},"canonical":"https:\/\/www.addictocare.net\/index.php\/addictocare-pro\/","og_locale":"en_US","og_type":"article","og_title":"AddictoCare - AddictoCare","og_description":": D\u00e9velopper et partager l\u2019expertise RdR Public cible :Professionnels de la RdR (CAARUD, m\u00e9diateurs, travailleurs pairs) Objectif :Renforcer les comp\u00e9tences [&hellip;]","og_url":"https:\/\/www.addictocare.net\/index.php\/addictocare-pro\/","og_site_name":"AddictoCare","article_modified_time":"2026-05-01T13:20:10+00:00","og_image":[{"width":1536,"height":1024,"url":"https:\/\/www.addictocare.net\/wp-content\/uploads\/2026\/05\/addictocare-pro.png","type":"image\/png"}],"twitter_card":"summary_large_image","twitter_misc":{"Est. reading time":"1 minute"},"schema":{"@context":"https:\/\/schema.org","@graph":[{"@type":"WebPage","@id":"https:\/\/www.addictocare.net\/index.php\/addictocare-pro\/","url":"https:\/\/www.addictocare.net\/index.php\/addictocare-pro\/","name":"AddictoCare - AddictoCare","isPartOf":{"@id":"https:\/\/www.addictocare.net\/#website"},"primaryImageOfPage":{"@id":"https:\/\/www.addictocare.net\/index.php\/addictocare-pro\/#primaryimage"},"image":{"@id":"https:\/\/www.addictocare.net\/index.php\/addictocare-pro\/#primaryimage"},"thumbnailUrl":"https:\/\/www.addictocare.net\/wp-content\/uploads\/2026\/05\/addictocare-pro-1024x683.png","datePublished":"2026-05-01T11:21:40+00:00","dateModified":"2026-05-01T13:20:10+00:00","breadcrumb":{"@id":"https:\/\/www.addictocare.net\/index.php\/addictocare-pro\/#breadcrumb"},"inLanguage":"en-US","potentialAction":[{"@type":"ReadAction","target":["https:\/\/www.addictocare.net\/index.php\/addictocare-pro\/"]}]},{"@type":"ImageObject","inLanguage":"en-US","@id":"https:\/\/www.addictocare.net\/index.php\/addictocare-pro\/#primaryimage","url":"https:\/\/www.addictocare.net\/wp-content\/uploads\/2026\/05\/addictocare-pro.png","contentUrl":"https:\/\/www.addictocare.net\/wp-content\/uploads\/2026\/05\/addictocare-pro.png","width":1536,"height":1024},{"@type":"BreadcrumbList","@id":"https:\/\/www.addictocare.net\/index.php\/addictocare-pro\/#breadcrumb","itemListElement":[{"@type":"ListItem","position":1,"name":"Home","item":"https:\/\/www.addictocare.net\/"},{"@type":"ListItem","position":2,"name":"Pro"}]},{"@type":"WebSite","@id":"https:\/\/www.addictocare.net\/#website","url":"https:\/\/www.addictocare.net\/","name":"addictocare.com","description":"Concevoir, structurer et transformer les pratiques en r\u00e9duction des risques","publisher":{"@id":"https:\/\/www.addictocare.net\/#organization"},"potentialAction":[{"@type":"SearchAction","target":{"@type":"EntryPoint","urlTemplate":"https:\/\/www.addictocare.net\/?s={search_term_string}"},"query-input":{"@type":"PropertyValueSpecification","valueRequired":true,"valueName":"search_term_string"}}],"inLanguage":"en-US"},{"@type":"Organization","@id":"https:\/\/www.addictocare.net\/#organization","name":"AddictoCare","url":"https:\/\/www.addictocare.net\/","logo":{"@type":"ImageObject","inLanguage":"en-US","@id":"https:\/\/www.addictocare.net\/#\/schema\/logo\/image\/","url":"https:\/\/www.addictocare.net\/wp-content\/uploads\/2026\/05\/addictocare.png","contentUrl":"https:\/\/www.addictocare.net\/wp-content\/uploads\/2026\/05\/addictocare.png","width":1536,"height":1024,"caption":"AddictoCare"},"image":{"@id":"https:\/\/www.addictocare.net\/#\/schema\/logo\/image\/"}}]}},"_links":{"self":[{"href":"https:\/\/www.addictocare.net\/index.php\/wp-json\/wp\/v2\/pages\/28","targetHints":{"allow":["GET"]}}],"collection":[{"href":"https:\/\/www.addictocare.net\/index.php\/wp-json\/wp\/v2\/pages"}],"about":[{"href":"https:\/\/www.addictocare.net\/index.php\/wp-json\/wp\/v2\/types\/page"}],"author":[{"embeddable":true,"href":"https:\/\/www.addictocare.net\/index.php\/wp-json\/wp\/v2\/users\/1"}],"replies":[{"embeddable":true,"href":"https:\/\/www.addictocare.net\/index.php\/wp-json\/wp\/v2\/comments?post=28"}],"version-history":[{"count":7,"href":"https:\/\/www.addictocare.net\/index.php\/wp-json\/wp\/v2\/pages\/28\/revisions"}],"predecessor-version":[{"id":94,"href":"https:\/\/www.addictocare.net\/index.php\/wp-json\/wp\/v2\/pages\/28\/revisions\/94"}],"wp:attachment":[{"href":"https:\/\/www.addictocare.net\/index.php\/wp-json\/wp\/v2\/media?parent=28"}],"curies":[{"name":"wp","href":"https:\/\/api.w.org\/{rel}","templated":true}]}}