{"id":18,"date":"2026-05-01T11:18:18","date_gmt":"2026-05-01T11:18:18","guid":{"rendered":"https:\/\/www.addictocare.net\/?page_id=18"},"modified":"2026-05-01T11:39:36","modified_gmt":"2026-05-01T11:39:36","slug":"a-propos","status":"publish","type":"page","link":"https:\/\/www.addictocare.net\/index.php\/a-propos\/","title":{"rendered":"A propos"},"content":{"rendered":"\n<p>AddictoCare est une structure d\u2019ing\u00e9nierie des pratiques en r\u00e9duction des risques.<\/p>\n\n\n\n<p>Nous intervenons \u00e0 l\u2019interface entre :<\/p>\n\n\n\n<ul class=\"wp-block-list\">\n<li>les acteurs de terrain<\/li>\n\n\n\n<li>la recherche<\/li>\n\n\n\n<li>les industriels<\/li>\n\n\n\n<li>les d\u00e9cideurs publics<\/li>\n<\/ul>\n\n\n\n<p>Notre mission :<\/p>\n\n\n\n<ul class=\"wp-block-list\">\n<li>concevoir des dispositifs utiles<\/li>\n\n\n\n<li>accompagner les professionnels<\/li>\n\n\n\n<li>transformer les pratiques<\/li>\n<\/ul>\n","protected":false},"excerpt":{"rendered":"<p>AddictoCare est une structure d\u2019ing\u00e9nierie des pratiques en r\u00e9duction des risques. Nous intervenons \u00e0 l\u2019interface entre : Notre mission :<\/p>\n","protected":false},"author":1,"featured_media":0,"parent":0,"menu_order":0,"comment_status":"closed","ping_status":"closed","template":"","meta":{"site-sidebar-layout":"default","site-content-layout":"","ast-site-content-layout":"default","site-content-style":"default","site-sidebar-style":"default","ast-global-header-display":"","ast-banner-title-visibility":"","ast-main-header-display":"","ast-hfb-above-header-display":"","ast-hfb-below-header-display":"","ast-hfb-mobile-header-display":"","site-post-title":"","ast-breadcrumbs-content":"","ast-featured-img":"","footer-sml-layout":"","ast-disable-related-posts":"","theme-transparent-header-meta":"","adv-header-id-meta":"","stick-header-meta":"","header-above-stick-meta":"","header-main-stick-meta":"","header-below-stick-meta":"","astra-migrate-meta-layouts":"default","ast-page-background-enabled":"default","ast-page-background-meta":{"desktop":{"background-color":"var(--ast-global-color-5)","background-image":"","background-repeat":"repeat","background-position":"center center","background-size":"auto","background-attachment":"scroll","background-type":"","background-media":"","overlay-type":"","overlay-color":"","overlay-opacity":"","overlay-gradient":""},"tablet":{"background-color":"","background-image":"","background-repeat":"repeat","background-position":"center center","background-size":"auto","background-attachment":"scroll","background-type":"","background-media":"","overlay-type":"","overlay-color":"","overlay-opacity":"","overlay-gradient":""},"mobile":{"background-color":"","background-image":"","background-repeat":"repeat","background-position":"center center","background-size":"auto","background-attachment":"scroll","background-type":"","background-media":"","overlay-type":"","overlay-color":"","overlay-opacity":"","overlay-gradient":""}},"ast-content-background-meta":{"desktop":{"background-color":"var(--ast-global-color-4)","background-image":"","background-repeat":"repeat","background-position":"center center","background-size":"auto","background-attachment":"scroll","background-type":"","background-media":"","overlay-type":"","overlay-color":"","overlay-opacity":"","overlay-gradient":""},"tablet":{"background-color":"var(--ast-global-color-4)","background-image":"","background-repeat":"repeat","background-position":"center center","background-size":"auto","background-attachment":"scroll","background-type":"","background-media":"","overlay-type":"","overlay-color":"","overlay-opacity":"","overlay-gradient":""},"mobile":{"background-color":"var(--ast-global-color-4)","background-image":"","background-repeat":"repeat","background-position":"center center","background-size":"auto","background-attachment":"scroll","background-type":"","background-media":"","overlay-type":"","overlay-color":"","overlay-opacity":"","overlay-gradient":""}},"footnotes":""},"class_list":["post-18","page","type-page","status-publish","hentry"],"yoast_head":"<!-- This site is optimized with the Yoast SEO plugin v27.5 - https:\/\/yoast.com\/product\/yoast-seo-wordpress\/ -->\n<title>A propos - AddictoCare<\/title>\n<meta name=\"robots\" content=\"index, follow, max-snippet:-1, max-image-preview:large, max-video-preview:-1\" \/>\n<link rel=\"canonical\" href=\"https:\/\/www.addictocare.net\/index.php\/a-propos\/\" \/>\n<meta property=\"og:locale\" content=\"en_US\" \/>\n<meta property=\"og:type\" content=\"article\" \/>\n<meta property=\"og:title\" content=\"A propos - AddictoCare\" \/>\n<meta property=\"og:description\" content=\"AddictoCare est une structure d\u2019ing\u00e9nierie des pratiques en r\u00e9duction des risques. Nous intervenons \u00e0 l\u2019interface entre : Notre mission :\" \/>\n<meta property=\"og:url\" content=\"https:\/\/www.addictocare.net\/index.php\/a-propos\/\" \/>\n<meta property=\"og:site_name\" content=\"AddictoCare\" \/>\n<meta property=\"article:modified_time\" content=\"2026-05-01T11:39:36+00:00\" \/>\n<meta name=\"twitter:card\" content=\"summary_large_image\" \/>\n<meta name=\"twitter:label1\" content=\"Est. reading time\" \/>\n\t<meta name=\"twitter:data1\" content=\"1 minute\" \/>\n<script type=\"application\/ld+json\" class=\"yoast-schema-graph\">{\"@context\":\"https:\\\/\\\/schema.org\",\"@graph\":[{\"@type\":\"WebPage\",\"@id\":\"https:\\\/\\\/www.addictocare.net\\\/index.php\\\/a-propos\\\/\",\"url\":\"https:\\\/\\\/www.addictocare.net\\\/index.php\\\/a-propos\\\/\",\"name\":\"A propos - AddictoCare\",\"isPartOf\":{\"@id\":\"https:\\\/\\\/www.addictocare.net\\\/#website\"},\"datePublished\":\"2026-05-01T11:18:18+00:00\",\"dateModified\":\"2026-05-01T11:39:36+00:00\",\"breadcrumb\":{\"@id\":\"https:\\\/\\\/www.addictocare.net\\\/index.php\\\/a-propos\\\/#breadcrumb\"},\"inLanguage\":\"en-US\",\"potentialAction\":[{\"@type\":\"ReadAction\",\"target\":[\"https:\\\/\\\/www.addictocare.net\\\/index.php\\\/a-propos\\\/\"]}]},{\"@type\":\"BreadcrumbList\",\"@id\":\"https:\\\/\\\/www.addictocare.net\\\/index.php\\\/a-propos\\\/#breadcrumb\",\"itemListElement\":[{\"@type\":\"ListItem\",\"position\":1,\"name\":\"Home\",\"item\":\"https:\\\/\\\/www.addictocare.net\\\/\"},{\"@type\":\"ListItem\",\"position\":2,\"name\":\"A propos\"}]},{\"@type\":\"WebSite\",\"@id\":\"https:\\\/\\\/www.addictocare.net\\\/#website\",\"url\":\"https:\\\/\\\/www.addictocare.net\\\/\",\"name\":\"addictocare.com\",\"description\":\"Concevoir, structurer et transformer les pratiques en r\u00e9duction des risques\",\"publisher\":{\"@id\":\"https:\\\/\\\/www.addictocare.net\\\/#organization\"},\"potentialAction\":[{\"@type\":\"SearchAction\",\"target\":{\"@type\":\"EntryPoint\",\"urlTemplate\":\"https:\\\/\\\/www.addictocare.net\\\/?s={search_term_string}\"},\"query-input\":{\"@type\":\"PropertyValueSpecification\",\"valueRequired\":true,\"valueName\":\"search_term_string\"}}],\"inLanguage\":\"en-US\"},{\"@type\":\"Organization\",\"@id\":\"https:\\\/\\\/www.addictocare.net\\\/#organization\",\"name\":\"AddictoCare\",\"url\":\"https:\\\/\\\/www.addictocare.net\\\/\",\"logo\":{\"@type\":\"ImageObject\",\"inLanguage\":\"en-US\",\"@id\":\"https:\\\/\\\/www.addictocare.net\\\/#\\\/schema\\\/logo\\\/image\\\/\",\"url\":\"https:\\\/\\\/www.addictocare.net\\\/wp-content\\\/uploads\\\/2026\\\/05\\\/addictocare.png\",\"contentUrl\":\"https:\\\/\\\/www.addictocare.net\\\/wp-content\\\/uploads\\\/2026\\\/05\\\/addictocare.png\",\"width\":1536,\"height\":1024,\"caption\":\"AddictoCare\"},\"image\":{\"@id\":\"https:\\\/\\\/www.addictocare.net\\\/#\\\/schema\\\/logo\\\/image\\\/\"}}]}<\/script>\n<!-- \/ Yoast SEO plugin. -->","yoast_head_json":{"title":"A propos - AddictoCare","robots":{"index":"index","follow":"follow","max-snippet":"max-snippet:-1","max-image-preview":"max-image-preview:large","max-video-preview":"max-video-preview:-1"},"canonical":"https:\/\/www.addictocare.net\/index.php\/a-propos\/","og_locale":"en_US","og_type":"article","og_title":"A propos - AddictoCare","og_description":"AddictoCare est une structure d\u2019ing\u00e9nierie des pratiques en r\u00e9duction des risques. Nous intervenons \u00e0 l\u2019interface entre : Notre mission :","og_url":"https:\/\/www.addictocare.net\/index.php\/a-propos\/","og_site_name":"AddictoCare","article_modified_time":"2026-05-01T11:39:36+00:00","twitter_card":"summary_large_image","twitter_misc":{"Est. reading time":"1 minute"},"schema":{"@context":"https:\/\/schema.org","@graph":[{"@type":"WebPage","@id":"https:\/\/www.addictocare.net\/index.php\/a-propos\/","url":"https:\/\/www.addictocare.net\/index.php\/a-propos\/","name":"A propos - AddictoCare","isPartOf":{"@id":"https:\/\/www.addictocare.net\/#website"},"datePublished":"2026-05-01T11:18:18+00:00","dateModified":"2026-05-01T11:39:36+00:00","breadcrumb":{"@id":"https:\/\/www.addictocare.net\/index.php\/a-propos\/#breadcrumb"},"inLanguage":"en-US","potentialAction":[{"@type":"ReadAction","target":["https:\/\/www.addictocare.net\/index.php\/a-propos\/"]}]},{"@type":"BreadcrumbList","@id":"https:\/\/www.addictocare.net\/index.php\/a-propos\/#breadcrumb","itemListElement":[{"@type":"ListItem","position":1,"name":"Home","item":"https:\/\/www.addictocare.net\/"},{"@type":"ListItem","position":2,"name":"A propos"}]},{"@type":"WebSite","@id":"https:\/\/www.addictocare.net\/#website","url":"https:\/\/www.addictocare.net\/","name":"addictocare.com","description":"Concevoir, structurer et transformer les pratiques en r\u00e9duction des risques","publisher":{"@id":"https:\/\/www.addictocare.net\/#organization"},"potentialAction":[{"@type":"SearchAction","target":{"@type":"EntryPoint","urlTemplate":"https:\/\/www.addictocare.net\/?s={search_term_string}"},"query-input":{"@type":"PropertyValueSpecification","valueRequired":true,"valueName":"search_term_string"}}],"inLanguage":"en-US"},{"@type":"Organization","@id":"https:\/\/www.addictocare.net\/#organization","name":"AddictoCare","url":"https:\/\/www.addictocare.net\/","logo":{"@type":"ImageObject","inLanguage":"en-US","@id":"https:\/\/www.addictocare.net\/#\/schema\/logo\/image\/","url":"https:\/\/www.addictocare.net\/wp-content\/uploads\/2026\/05\/addictocare.png","contentUrl":"https:\/\/www.addictocare.net\/wp-content\/uploads\/2026\/05\/addictocare.png","width":1536,"height":1024,"caption":"AddictoCare"},"image":{"@id":"https:\/\/www.addictocare.net\/#\/schema\/logo\/image\/"}}]}},"_links":{"self":[{"href":"https:\/\/www.addictocare.net\/index.php\/wp-json\/wp\/v2\/pages\/18","targetHints":{"allow":["GET"]}}],"collection":[{"href":"https:\/\/www.addictocare.net\/index.php\/wp-json\/wp\/v2\/pages"}],"about":[{"href":"https:\/\/www.addictocare.net\/index.php\/wp-json\/wp\/v2\/types\/page"}],"author":[{"embeddable":true,"href":"https:\/\/www.addictocare.net\/index.php\/wp-json\/wp\/v2\/users\/1"}],"replies":[{"embeddable":true,"href":"https:\/\/www.addictocare.net\/index.php\/wp-json\/wp\/v2\/comments?post=18"}],"version-history":[{"count":2,"href":"https:\/\/www.addictocare.net\/index.php\/wp-json\/wp\/v2\/pages\/18\/revisions"}],"predecessor-version":[{"id":42,"href":"https:\/\/www.addictocare.net\/index.php\/wp-json\/wp\/v2\/pages\/18\/revisions\/42"}],"wp:attachment":[{"href":"https:\/\/www.addictocare.net\/index.php\/wp-json\/wp\/v2\/media?parent=18"}],"curies":[{"name":"wp","href":"https:\/\/api.w.org\/{rel}","templated":true}]}}